{"id":11,"date":"2011-11-04T11:57:44","date_gmt":"2011-11-04T11:57:44","guid":{"rendered":"http:\/\/burnsnight.de:\/wordpress\/?page_id=11"},"modified":"2026-01-12T22:33:02","modified_gmt":"2026-01-12T21:33:02","slug":"daten","status":"publish","type":"page","link":"https:\/\/burnsnight.de\/index.php\/daten\/","title":{"rendered":"Daten"},"content":{"rendered":"<p>Die 267th Burns Night und das Warm-Up finden auch 2026 auf dem Campus der Johannes Gutenberg-Universit\u00e4t im festlichen Saal der Alten Mensa statt.<\/p>\n<p><strong>Adresse: <\/strong>Alte Mensa, Johann-Joachim-Becher-Weg 5, 55128 Mainz<\/p>\n<blockquote><p>Burns Night<\/p><\/blockquote>\n<p><strong>Datum:<br \/>\n<\/strong>Samstag, 17. Januar 2026<br \/>\nEinlass 18:00 Uhr<br \/>\nBeginn 19:00 Uhr<\/p>\n<p><strong><a href=\"https:\/\/burnsnight.de\/index.php\/vorverkauf\/\">Tickets<\/a><\/strong> nur im Vorverkauf, keine Abendkasse!\u00a0\u00dcber den Verkaufsstart informieren wir per <a href=\"https:\/\/burnsnight.de\/index.php\/2023\/07\/06\/keine-infos-verpassen-einfach-zu-unserem-newsletter-anmelden\/\" data-type=\"post\" data-id=\"1760\">Newsletter.<\/a><\/p>\n<blockquote><p>Friday Warm-Up : <span style=\"font-size: revert; color: #333333;\">drink, dance &amp; peel<\/span><\/p><\/blockquote>\n<p><strong>Datum:<br \/>\n<\/strong>Freitag, 16. Januar 2026<br \/>\nBeginn 20:00 Uhr<\/p>\n<p>Tanzen \u00fcben, Whisky, Cider oder Bier trinken und Kartoffeln sch\u00e4len f\u00fcr den Folgetag. F\u00fcr jeden ist was dabei.<\/p>\n<p><strong>Eintritt frei.<\/strong><\/p>\n<p>mehr aktuelle Informationen <a href=\"https:\/\/www.burnsnight.de\">auf der Startseite.<\/a><\/p>\n","protected":false},"excerpt":{"rendered":"<p>Die 267th Burns Night und das Warm-Up finden auch 2026 auf dem Campus der Johannes Gutenberg-Universit\u00e4t im festlichen Saal der Alten Mensa statt. Adresse: Alte Mensa, Johann-Joachim-Becher-Weg 5, 55128 Mainz Burns Night Datum: Samstag, 17. Januar 2026 Einlass 18:00 Uhr Beginn 19:00 Uhr Tickets nur im Vorverkauf, keine Abendkasse!\u00a0\u00dcber den Verkaufsstart informieren wir per Newsletter. &hellip; <a href=\"https:\/\/burnsnight.de\/index.php\/daten\/\" class=\"more-link\"><span class=\"screen-reader-text\">Daten<\/span> weiterlesen<\/a><\/p>\n","protected":false},"author":3,"featured_media":0,"parent":0,"menu_order":1,"comment_status":"closed","ping_status":"closed","template":"","meta":{"footnotes":""},"class_list":["post-11","page","type-page","status-publish","hentry"],"_links":{"self":[{"href":"https:\/\/burnsnight.de\/index.php\/wp-json\/wp\/v2\/pages\/11","targetHints":{"allow":["GET"]}}],"collection":[{"href":"https:\/\/burnsnight.de\/index.php\/wp-json\/wp\/v2\/pages"}],"about":[{"href":"https:\/\/burnsnight.de\/index.php\/wp-json\/wp\/v2\/types\/page"}],"author":[{"embeddable":true,"href":"https:\/\/burnsnight.de\/index.php\/wp-json\/wp\/v2\/users\/3"}],"replies":[{"embeddable":true,"href":"https:\/\/burnsnight.de\/index.php\/wp-json\/wp\/v2\/comments?post=11"}],"version-history":[{"count":8,"href":"https:\/\/burnsnight.de\/index.php\/wp-json\/wp\/v2\/pages\/11\/revisions"}],"predecessor-version":[{"id":2040,"href":"https:\/\/burnsnight.de\/index.php\/wp-json\/wp\/v2\/pages\/11\/revisions\/2040"}],"wp:attachment":[{"href":"https:\/\/burnsnight.de\/index.php\/wp-json\/wp\/v2\/media?parent=11"}],"curies":[{"name":"wp","href":"https:\/\/api.w.org\/{rel}","templated":true}]}}