{"id":1451,"date":"2022-12-20T13:24:39","date_gmt":"2022-12-20T12:24:39","guid":{"rendered":"https:\/\/burnsnight.de\/?page_id=1451"},"modified":"2023-12-14T19:10:37","modified_gmt":"2023-12-14T18:10:37","slug":"das-essen-haggis-neeps-and-tatties","status":"publish","type":"page","link":"https:\/\/burnsnight.de\/index.php\/sample-page\/das-essen-haggis-neeps-and-tatties\/","title":{"rendered":"Das Essen \u2013 Haggis, neeps and tatties"},"content":{"rendered":"\n<blockquote class=\"wp-block-quote is-layout-flow wp-block-quote-is-layout-flow\">\n<p>Haggis ist eine Spezialit\u00e4t aus der Schottischen K\u00fcche. Der Ceremonial Haggis hat&nbsp;eine H\u00fclle aus dem Magen eines Schafes, paunch genannt, der mit Herz, Leber, Lunge, Nierenfett vom Schaf, Zwiebeln und Hafermehl gef\u00fcllt wird. Haggis ist mit Pfeffer scharf gew\u00fcrzt, und das Hafermehl verleiht ihm eine etwas schwerere Konsistenz als Wurst.<\/p>\n<\/blockquote>\n\n\n\n<div class=\"wp-block-media-text alignwide has-media-on-the-right is-stacked-on-mobile\"><div class=\"wp-block-media-text__content\">\n<p>In Mainz etwas ganz besonderes:\u00a0<strong>Echten Mainzer Haggis<\/strong>! W\u00e4hrend wir in den vorhergehenden Jahren immer Haggis aus Schottland \u201eentf\u00fchrt\u201c haben und auf ein Massenprodukt zur\u00fcckgreifen mussten k\u00f6nnen wir seit der\u00a0253rd Burns Night 2011 ein\u00a0frisches regionales Produkt anbieten. \u00a0Metzgermeister Christian Luckas aus Mainz-Finthen ist unser Spezialist f\u00fcr Haggis auf der Mainzer Burns Night geworden.<\/p>\n<\/div><figure class=\"wp-block-media-text__media\"><img loading=\"lazy\" decoding=\"async\" width=\"300\" height=\"117\" src=\"https:\/\/burnsnight.de\/wp-content\/uploads\/2022\/12\/metzgerei-luckas-logo-300x117.png\" alt=\"\" class=\"wp-image-1386 size-full\" srcset=\"https:\/\/burnsnight.de\/wp-content\/uploads\/2022\/12\/metzgerei-luckas-logo-300x117.png 300w, https:\/\/burnsnight.de\/wp-content\/uploads\/2022\/12\/metzgerei-luckas-logo.png 700w\" sizes=\"auto, (max-width: 300px) 100vw, 300px\" \/><\/figure><\/div>\n\n\n\n<div class=\"wp-block-media-text alignwide is-stacked-on-mobile\"><figure class=\"wp-block-media-text__media\"><img loading=\"lazy\" decoding=\"async\" width=\"300\" height=\"199\" src=\"https:\/\/burnsnight.de\/wp-content\/uploads\/2022\/12\/vegan-haggis-300x199.jpg\" alt=\"\" class=\"wp-image-1388 size-full\" srcset=\"https:\/\/burnsnight.de\/wp-content\/uploads\/2022\/12\/vegan-haggis-300x199.jpg 300w, https:\/\/burnsnight.de\/wp-content\/uploads\/2022\/12\/vegan-haggis-1024x680.jpg 1024w, https:\/\/burnsnight.de\/wp-content\/uploads\/2022\/12\/vegan-haggis-768x510.jpg 768w, https:\/\/burnsnight.de\/wp-content\/uploads\/2022\/12\/vegan-haggis-1536x1020.jpg 1536w, https:\/\/burnsnight.de\/wp-content\/uploads\/2022\/12\/vegan-haggis-2048x1360.jpg 2048w\" sizes=\"auto, (max-width: 300px) 100vw, 300px\" \/><\/figure><div class=\"wp-block-media-text__content\">\n<p>Seit der 254th Burns Night gibt es in Mainz\u00a0f\u00fcr alle, die keinen traditionellen Haggis m\u00f6gen, veganen Haggis. Daf\u00fcr muss man sich aber beim Ticketkauf rechtzeitig vorher anmelden. Damit\u00a0liegt die Burns Night in Mainz voll im Trend, denn seit rund 30 Jahren gibt es auch vermehrt vegetarische Varianten des Haggis. Die oft sehr unterschiedlichen Rezepte enthalten meist Bohnen, Linsen und Champignons anstelle von Fleisch.<\/p>\n<\/div><\/div>\n\n\n\n<p>Mehr Informationen zu Haggis gibt es bei:&nbsp;<a href=\"https:\/\/de.wikipedia.org\/wiki\/Haggis\" target=\"_blank\" rel=\"noreferrer noopener\">Wikipedia<\/a><\/p>\n\n\n\n<p>Der Name \u201eHaggis\u201c stammt wohl vom skandinavischen \u201ehag\u201c oder franz\u00f6sischen \u201ehageur\u201c \u2013 \u201eschneiden\u201c. Au\u00dferdem w\u00e4re eine Verbindung zur deutschen \u201eHackwurst\u201c denkbar.&nbsp;Uns erinnert der scharf gew\u00fcrzte Geschmack oft an gebratene Graupenblutwurst.<\/p>\n\n\n\n<p>Der Oxford English Dictionary (OED) beschreibt den mittelalterlichen \u201epudding\u201c als \u201eden Bauch oder eine der anderen Eingeweide eines Schwein, Schafes oder eines anderen Tieres, welcher mit einer Mischung aus Hackfleisch, Talg, Haferflocken, Gew\u00fcrzen u.s.w. gef\u00fcllt und gekocht ist.\u201c Diejenigen unter euch, die schon einmal in Schottland waren und auf einen Haggis gesto\u00dfen sind, werden bezeugen, dass dies keine schlechte Beschreibung dessen ist, was Robert Burns in seinem Gedicht \u201eAddress to a Haggis\u201c, 1786, als \u201eden gro\u00dfen H\u00e4uptling der Wurst-Familie\u201c bezeichnete.<\/p>\n\n\n\n<p>Beim Burns Supper, dem j\u00e4hrlichen Gedenkfest zu Ehren des schottischen Nationaldichters Robert Burns, wird vor dem Servieren bei Kerzenlicht zun\u00e4chst mit dem Dudelsack ein Reel gespielt. Dann tr\u00e4gt das Familienoberhaupt (oder der Wirt des Restaurants, in dem man die Burns Night feiert) \u2013 vor einer schottischen Flagge stehend \u2013 das Gedicht \u201eAddress to a Haggis\u201c von Robert Burns vor. Mitten in der dritten Strophe (\u201ecut ye up wi ready slight\u201c) wird der kochend hei\u00dfe Haggis mit einem Schwert oder einem Dolch aufgeschnitten, so dass die Innereien auslaufen und sich \u00fcber die ganze Servierplatte verteilen.<\/p>\n\n\n\n<p><a href=\"https:\/\/www.fr-online.de\/panorama\/haggis-streit-angriff-aufs-schottische-heiligtum,1472782,3267986.html\" target=\"_blank\" rel=\"noreferrer noopener\">Angriff aufs schottische Heiligtum. Frankfurter Rundschau Online (3. August 2009).<\/a><br><a href=\"https:\/\/www.zeit.de\/2002\/05\/200205_haggis.xml\" target=\"_blank\" rel=\"noreferrer noopener\">Brutalstm\u00f6glich: Haggis. Die Zeit (Januar 2002).<\/a><\/p>\n\n\n\n<h1 class=\"wp-block-heading\">neeps and tatties<\/h1>\n\n\n\n<figure class=\"wp-block-image\"><img loading=\"lazy\" decoding=\"async\" width=\"1024\" height=\"683\" src=\"https:\/\/burnsnight.de\/wp-content\/uploads\/2022\/12\/Burns_supper-1-1024x683.jpg\" alt=\"\" class=\"wp-image-1391\" srcset=\"https:\/\/burnsnight.de\/wp-content\/uploads\/2022\/12\/Burns_supper-1-1024x683.jpg 1024w, https:\/\/burnsnight.de\/wp-content\/uploads\/2022\/12\/Burns_supper-1-300x200.jpg 300w, https:\/\/burnsnight.de\/wp-content\/uploads\/2022\/12\/Burns_supper-1-768x512.jpg 768w, https:\/\/burnsnight.de\/wp-content\/uploads\/2022\/12\/Burns_supper-1-1536x1024.jpg 1536w, https:\/\/burnsnight.de\/wp-content\/uploads\/2022\/12\/Burns_supper-1-2048x1365.jpg 2048w\" sizes=\"auto, (max-width: 1024px) 100vw, 1024px\" \/><figcaption class=\"wp-element-caption\"><a href=\"https:\/\/commons.wikimedia.org\/w\/index.php?title=User:Zcbeaton&amp;action=edit&amp;redlink=1\">Connor Beaton<\/a>, https:\/\/creativecommons.org\/licenses\/by-sa\/4.0\/deed.en<\/figcaption><\/figure>\n\n\n\n<p>Steckr\u00fcbengem\u00fcse und Kartoffelp\u00fcree sind die klassische Beilage zum Haggis. Mit ein paar Karotten wir das Gem\u00fcse etwas bunter.&nbsp; Das bunte Dreierlei verr\u00fchrt zu einem Brei finden viele besonders lecker.<\/p>\n","protected":false},"excerpt":{"rendered":"<p>Haggis ist eine Spezialit\u00e4t aus der Schottischen K\u00fcche. Der Ceremonial Haggis hat&nbsp;eine H\u00fclle aus dem Magen eines Schafes, paunch genannt, der mit Herz, Leber, Lunge, Nierenfett vom Schaf, Zwiebeln und Hafermehl gef\u00fcllt wird. Haggis ist mit Pfeffer scharf gew\u00fcrzt, und das Hafermehl verleiht ihm eine etwas schwerere Konsistenz als Wurst. In Mainz etwas ganz besonderes:\u00a0Echten &hellip; <a href=\"https:\/\/burnsnight.de\/index.php\/sample-page\/das-essen-haggis-neeps-and-tatties\/\" class=\"more-link\"><span class=\"screen-reader-text\">Das Essen \u2013 Haggis, neeps and tatties<\/span> weiterlesen<\/a><\/p>\n","protected":false},"author":2,"featured_media":0,"parent":948,"menu_order":0,"comment_status":"closed","ping_status":"closed","template":"","meta":{"footnotes":""},"class_list":["post-1451","page","type-page","status-publish","hentry"],"_links":{"self":[{"href":"https:\/\/burnsnight.de\/index.php\/wp-json\/wp\/v2\/pages\/1451","targetHints":{"allow":["GET"]}}],"collection":[{"href":"https:\/\/burnsnight.de\/index.php\/wp-json\/wp\/v2\/pages"}],"about":[{"href":"https:\/\/burnsnight.de\/index.php\/wp-json\/wp\/v2\/types\/page"}],"author":[{"embeddable":true,"href":"https:\/\/burnsnight.de\/index.php\/wp-json\/wp\/v2\/users\/2"}],"replies":[{"embeddable":true,"href":"https:\/\/burnsnight.de\/index.php\/wp-json\/wp\/v2\/comments?post=1451"}],"version-history":[{"count":1,"href":"https:\/\/burnsnight.de\/index.php\/wp-json\/wp\/v2\/pages\/1451\/revisions"}],"predecessor-version":[{"id":1452,"href":"https:\/\/burnsnight.de\/index.php\/wp-json\/wp\/v2\/pages\/1451\/revisions\/1452"}],"up":[{"embeddable":true,"href":"https:\/\/burnsnight.de\/index.php\/wp-json\/wp\/v2\/pages\/948"}],"wp:attachment":[{"href":"https:\/\/burnsnight.de\/index.php\/wp-json\/wp\/v2\/media?parent=1451"}],"curies":[{"name":"wp","href":"https:\/\/api.w.org\/{rel}","templated":true}]}}