{"id":1455,"date":"2022-12-20T13:26:17","date_gmt":"2022-12-20T12:26:17","guid":{"rendered":"https:\/\/burnsnight.de\/?page_id=1455"},"modified":"2023-12-14T19:10:52","modified_gmt":"2023-12-14T18:10:52","slug":"der-ceilidh-musik-tanz","status":"publish","type":"page","link":"https:\/\/burnsnight.de\/index.php\/sample-page\/der-ceilidh-musik-tanz\/","title":{"rendered":"Der C\u00e9ilidh \u2013 Musik &amp; Tanz"},"content":{"rendered":"\n<figure class=\"wp-block-image\"><img loading=\"lazy\" decoding=\"async\" width=\"640\" height=\"480\" src=\"https:\/\/burnsnight.de\/wp-content\/uploads\/2022\/12\/dan-008f.jpg\" alt=\"\" class=\"wp-image-1361\" title=\"Schottische T\u00e4nze bei der Burns Night 2003\" srcset=\"https:\/\/burnsnight.de\/wp-content\/uploads\/2022\/12\/dan-008f.jpg 640w, https:\/\/burnsnight.de\/wp-content\/uploads\/2022\/12\/dan-008f-300x225.jpg 300w\" sizes=\"auto, (max-width: 640px) 100vw, 640px\" \/><\/figure>\n\n\n\n<p>Organisierte C\u00e8ilidhs sind heutzutage sehr h\u00e4ufig in Schottland. Bands spielen normalerweise auf Hochzeiten, Geburtstagen oder eben bei einer Burns Night. Die Musikgruppen sind unterschiedlich zusammengesetzt und bestehen aus 2 bis 6 Musikerinnen und Musikern. Bei einem C\u00e8ilidh kommen alle Generationen zusammen und die T\u00e4nze unterscheiden sich in Schwierigkeitsgrad und Geschwindigkeit, so das f\u00fcr jeden etwas dabei ist. Zur Organisation gibt es einen sogenannten Caller, welcher den entsprechenden Tanz ansagt und auch Unterst\u00fctzung beim Ablauf gibt.<\/p>\n\n\n\n<h2 class=\"wp-block-heading\">John Wolfe Gang <\/h2>\n\n\n\n<figure class=\"wp-block-image size-full\"><img loading=\"lazy\" decoding=\"async\" width=\"769\" height=\"400\" src=\"https:\/\/burnsnight.de\/wp-content\/uploads\/2022\/12\/johnwolfegang.jpg\" alt=\"\" class=\"wp-image-1609\" srcset=\"https:\/\/burnsnight.de\/wp-content\/uploads\/2022\/12\/johnwolfegang.jpg 769w, https:\/\/burnsnight.de\/wp-content\/uploads\/2022\/12\/johnwolfegang-300x156.jpg 300w\" sizes=\"auto, (max-width: 769px) 100vw, 769px\" \/><\/figure>\n\n\n\n<p>Auf der diesj\u00e4hrigen Burns Night begr\u00fc\u00dfen wir John Wolfe Gang. Das Trio f\u00fchlt sich musikalisch in Schottland und Irland zuhause und nimmt gelegentlich mal ein englisches Lied ins Programm mit auf.<\/p>\n\n\n\n<p>Die Gesangsst\u00fccke begleiten sie auf Gitarre, Gitarren-Bouzouki und einer Conzertina. Bei rein instrumentalische Slow Airs oder irischen Tunes kommt meist eine Uillean Pipe &#8211; irischer Dudelsack &#8211; dazu, die gegen\u00fcber den typischen Scottish Highland Pipes harmonischer, &#8222;s\u00fc\u00dfer&#8220; und auch etwas leiser klingt.<\/p>\n\n\n\n<p>Neben Johannes D\u00fcrr, der schon mehrfach f\u00fcr gro\u00dfartige Kl\u00e4nge auf der Burns Night in Mainz mit anderen Formationen gesorgt hat, d\u00fcrfen wir uns auf Wolfgang Hammen und Lothar Schwamb freuen. Als Gastmusiker wird John Wolfe Gang an diesem Abend von ihrem Freund Manfred Vollrath an Drums und Percussions unterst\u00fctzt, der auch bei der &#8222;Tom Bombadil Folk Band&#8220; und bei &#8222;Goobird&#8217;s Flight&#8220; f\u00fcr starken Drive sorgt.<\/p>\n\n\n\n<p><a href=\"http:\/\/www.john-wolfe-gang.de\" data-type=\"URL\" data-id=\"www.john-wolfe-gang.de\">www.john-wolfe-gang.de<\/a><\/p>\n\n\n\n<h2 class=\"wp-block-heading\">Narhalla Dancers<\/h2>\n\n\n\n<div class=\"wp-block-media-text alignwide is-stacked-on-mobile\"><figure class=\"wp-block-media-text__media\"><img loading=\"lazy\" decoding=\"async\" width=\"220\" height=\"228\" src=\"https:\/\/burnsnight.de\/wp-content\/uploads\/2022\/12\/Narhalla-Dancers-Logo.jpg\" alt=\"\" class=\"wp-image-1363 size-full\"\/><\/figure><div class=\"wp-block-media-text__content\">\n<p>Die Narhalladancers sind eine gemischte Gruppe von Schottent\u00e4nzerinnen und -t\u00e4nzern aus Mainz und Umgebung, die sich freitags in Gonsenheim zu Musik und Tanz trifft und sich immer \u00fcber neue T\u00e4nzerinnen und T\u00e4nzer freut.&nbsp;Das Eintanzen am Tag vor der Burns Night geh\u00f6rt jetzt auch schon seit Jahren zum Programm.&nbsp;Vorkenntnisse sind nicht erforderlich, sind aber auch kein Hinderungsgrund \u2013 Spa\u00df macht es schlie\u00dflich immer!<\/p>\n<\/div><\/div>\n\n\n\n<p>Das Eintanzen findet auch in der alten Mensa auf dem Campus statt.<\/p>\n\n\n\n<p><a href=\"https:\/\/www.facebook.com\/groups\/narhalladancers\">www.facebook.com\/groups\/narhalladancers<\/a><\/p>\n\n\n\n<p><a href=\"https:\/\/narhalladancers.jimdo.com\/\" target=\"_blank\" rel=\"noreferrer noopener\">www.narhalladancers.jimdo.com<\/a><\/p>\n\n\n\n<h2 class=\"wp-block-heading\">Moguntia Pipes &amp; Drums<\/h2>\n\n\n\n<div class=\"wp-block-media-text alignwide is-stacked-on-mobile\"><figure class=\"wp-block-media-text__media\"><img loading=\"lazy\" decoding=\"async\" width=\"1024\" height=\"1024\" src=\"https:\/\/burnsnight.de\/wp-content\/uploads\/2022\/12\/moguntiapipesanddrums-1024x1024.png\" alt=\"\" class=\"wp-image-1364 size-full\" srcset=\"https:\/\/burnsnight.de\/wp-content\/uploads\/2022\/12\/moguntiapipesanddrums-1024x1024.png 1024w, https:\/\/burnsnight.de\/wp-content\/uploads\/2022\/12\/moguntiapipesanddrums-300x300.png 300w, https:\/\/burnsnight.de\/wp-content\/uploads\/2022\/12\/moguntiapipesanddrums-150x150.png 150w, https:\/\/burnsnight.de\/wp-content\/uploads\/2022\/12\/moguntiapipesanddrums-768x768.png 768w, https:\/\/burnsnight.de\/wp-content\/uploads\/2022\/12\/moguntiapipesanddrums.png 1079w\" sizes=\"auto, (max-width: 1024px) 100vw, 1024px\" \/><\/figure><div class=\"wp-block-media-text__content\">\n<p>Die Moguntia Pipes &amp; Drums d\u00fcrften einigen Mainzerinnen und Mainzern bekannt sein, nicht zuletzt, weil sie seit ein paar Jahren die Burns Night begleiten. Aber auch in Schottland ist die dudelsackspielende und trommelnde Band schon aufgetreten. Wir freuen uns dieses Jahr echte Mainzer Schottinnen und Schotten auf der Burns Night begr\u00fc\u00dfen zu d\u00fcrfen.<\/p>\n<\/div><\/div>\n\n\n\n<p><a href=\"https:\/\/www.moguntia-pipes-and-drums.de\/\">www.moguntia-pipes-and-drums.de<\/a><\/p>\n","protected":false},"excerpt":{"rendered":"<p>Organisierte C\u00e8ilidhs sind heutzutage sehr h\u00e4ufig in Schottland. Bands spielen normalerweise auf Hochzeiten, Geburtstagen oder eben bei einer Burns Night. Die Musikgruppen sind unterschiedlich zusammengesetzt und bestehen aus 2 bis 6 Musikerinnen und Musikern. Bei einem C\u00e8ilidh kommen alle Generationen zusammen und die T\u00e4nze unterscheiden sich in Schwierigkeitsgrad und Geschwindigkeit, so das f\u00fcr jeden etwas &hellip; <a href=\"https:\/\/burnsnight.de\/index.php\/sample-page\/der-ceilidh-musik-tanz\/\" class=\"more-link\"><span class=\"screen-reader-text\">Der C\u00e9ilidh \u2013 Musik &amp; Tanz<\/span> weiterlesen<\/a><\/p>\n","protected":false},"author":2,"featured_media":0,"parent":948,"menu_order":0,"comment_status":"closed","ping_status":"closed","template":"","meta":{"footnotes":""},"class_list":["post-1455","page","type-page","status-publish","hentry"],"_links":{"self":[{"href":"https:\/\/burnsnight.de\/index.php\/wp-json\/wp\/v2\/pages\/1455","targetHints":{"allow":["GET"]}}],"collection":[{"href":"https:\/\/burnsnight.de\/index.php\/wp-json\/wp\/v2\/pages"}],"about":[{"href":"https:\/\/burnsnight.de\/index.php\/wp-json\/wp\/v2\/types\/page"}],"author":[{"embeddable":true,"href":"https:\/\/burnsnight.de\/index.php\/wp-json\/wp\/v2\/users\/2"}],"replies":[{"embeddable":true,"href":"https:\/\/burnsnight.de\/index.php\/wp-json\/wp\/v2\/comments?post=1455"}],"version-history":[{"count":3,"href":"https:\/\/burnsnight.de\/index.php\/wp-json\/wp\/v2\/pages\/1455\/revisions"}],"predecessor-version":[{"id":1628,"href":"https:\/\/burnsnight.de\/index.php\/wp-json\/wp\/v2\/pages\/1455\/revisions\/1628"}],"up":[{"embeddable":true,"href":"https:\/\/burnsnight.de\/index.php\/wp-json\/wp\/v2\/pages\/948"}],"wp:attachment":[{"href":"https:\/\/burnsnight.de\/index.php\/wp-json\/wp\/v2\/media?parent=1455"}],"curies":[{"name":"wp","href":"https:\/\/api.w.org\/{rel}","templated":true}]}}