{"id":15,"date":"2011-11-04T12:00:18","date_gmt":"2011-11-04T12:00:18","guid":{"rendered":"http:\/\/burnsnight.de:\/wordpress\/?page_id=15"},"modified":"2024-11-23T15:39:34","modified_gmt":"2024-11-23T14:39:34","slug":"kontakt","status":"publish","type":"page","link":"https:\/\/burnsnight.de\/index.php\/kontakt\/","title":{"rendered":"Kontakt"},"content":{"rendered":"\n<p>Die Burns Night ist eine Veranstaltungskooperation zwischen <a href=\"https:\/\/www.campus-mainz.net\" target=\"_blank\" rel=\"noreferrer noopener\">Campus Mainz e.V.<\/a>, dem <a href=\"https:\/\/www.scotland.uni-mainz.de\/\" target=\"_blank\" rel=\"noreferrer noopener\">JGU Scotland Hub<\/a> und dem <a href=\"https:\/\/www.studierendenwerk-mainz.de\/\" target=\"_blank\" rel=\"noreferrer noopener\">Studierendenwerk Mainz<\/a>.<\/p>\n\n\n\n<p><strong>Impressum:<\/strong><br>Campus Mainz e.V.<br>Forum universitatis 3<br>55128 Mainz<\/p>\n\n\n\n<p>Telefon: +49 <span aria-label=\"06131 3272130 anrufen\">6131 3272130<\/span><\/p>\n\n\n\n<p>Email: <a href=\"mailto:burnsnight@campus-mainz.net\">burnsnight@campus-mainz.net<\/a><\/p>\n\n\n\n<p>Vertreten durch:<br>Julian Shirazi, Vorsitzender<\/p>\n\n\n\n<p>Verantwortliche im Sinne des \u00a7 10 MDStV: Julian Shirazi<\/p>\n\n\n\n<p>Ansprechpartner f\u00fcr technische Fragen:<br>Webmaster: Max Lindemann<br><a href=\"mailto:webmaster@burnsnight.de\">webmaster@burnsnight.de<\/a><\/p>\n\n\n\n<p><strong>Disclaimer<\/strong><\/p>\n\n\n\n<p><em>Haftung f\u00fcr Inhalte<\/em><br>Die Inhalte unserer Seiten wurden mit gr\u00f6\u00dfter Sorgfalt erstellt. F\u00fcr die Richtigkeit, Vollst\u00e4ndigkeit und Aktualit\u00e4t der Inhalte k\u00f6nnen wir jedoch keine Gew\u00e4hr \u00fcbernehmen.<\/p>\n\n\n\n<p>Als Diensteanbieter sind wir gem\u00e4\u00df \u00a7 6 Abs.1 MDStV und \u00a7 8 Abs.1 TDG f\u00fcr eigene Inhalte auf diesen Seiten nach den allgemeinen Gesetzen verantwortlich. Diensteanbieter sind jedoch nicht verpflichtet, die von ihnen \u00fcbermittelten oder gespeicherten fremden Informationen zu \u00fcberwachen oder nach Umst\u00e4nden zu forschen, die auf eine rechtswidrige T\u00e4tigkeit hinweisen. Verpflichtungen zur Entfernung oder Sperrung der Nutzung von Informationen nach den allgemeinen Gesetzen bleiben hiervon unber\u00fchrt. Eine diesbez\u00fcgliche Haftung ist jedoch erst ab dem Zeitpunkt der Kenntnis einer konkreten Rechtsverletzung m\u00f6glich. Bei bekannt werden von entsprechenden Rechtsverletzungen werden wir diese Inhalte umgehend entfernen.<\/p>\n\n\n\n<p><em>Haftung f\u00fcr Links<\/em><\/p>\n\n\n\n<p>Unser Angebot enth\u00e4lt Links zu externen Webseiten Dritter, auf deren Inhalte wir keinen Einfluss haben. Deshalb k\u00f6nnen wir f\u00fcr diese fremden Inhalte auch keine Gew\u00e4hr \u00fcbernehmen. F\u00fcr die Inhalte der verlinkten Seiten ist stets der jeweilige Anbieter oder Betreiber der Seiten verantwortlich. Die verlinkten Seiten wurden zum Zeitpunkt der Verlinkung auf m\u00f6gliche Rechtsverst\u00f6\u00dfe \u00fcberpr\u00fcft. Rechtswidrige Inhalte waren zum Zeitpunkt der Verlinkung nicht erkennbar. Eine permanente inhaltliche Kontrolle der verlinkten Seiten ist jedoch ohne konkrete Anhaltspunkte einer Rechtsverletzung nicht zumutbar. Bei bekannt werden von Rechtsverletzungen werden wir derartige Links umgehend entfernen.<\/p>\n\n\n\n<p><em>Urheberrecht<\/em><br>Die Betreiber der Seiten sind bem\u00fcht, stets die Urheberrechte anderer zu beachten bzw. auf selbst erstellte sowie lizenzfreie Werke zur\u00fcckzugreifen.<\/p>\n\n\n\n<p>Die durch die Seitenbetreiber erstellten Inhalte und Werke auf diesen Seiten unterliegen dem deutschen Urheberrecht. Beitr\u00e4ge Dritter sind als solche gekennzeichnet. Die Vervielf\u00e4ltigung, Bearbeitung, Verbreitung und jede Art der Verwertung au\u00dferhalb der Grenzen des Urheberrechtes bed\u00fcrfen der schriftlichen Zustimmung des jeweiligen Autors bzw. Erstellers. Downloads und Kopien dieser Seite sind nur f\u00fcr den privaten, nicht kommerziellen Gebrauch gestattet.<\/p>\n\n\n\n<p><em>Datenschutz<\/em><br>Soweit auf unseren Seiten personenbezogene Daten (beispielsweise Name, Anschrift oder eMail-Adressen) erhoben werden, erfolgt dies soweit m\u00f6glich stets auf freiwilliger Basis. Die Nutzung der Angebote und Dienste ist, soweit m\u00f6glich, stets ohne Angabe personenbezogener Daten m\u00f6glich.<\/p>\n\n\n\n<p>Der Nutzung von im Rahmen der Impressumspflicht ver\u00f6ffentlichten Kontaktdaten durch Dritte zur \u00dcbersendung von nicht ausdr\u00fccklich angeforderter Werbung und Informationsmaterialien wird hiermit ausdr\u00fccklich widersprochen. Die Betreiber der Seiten behalten sich ausdr\u00fccklich rechtliche Schritte im Falle der unverlangten Zusendung von Werbeinformationen, etwa durch Spam-Mails, vor.<\/p>\n\n\n\n<p>Quelle: Haftungsausschluss von eRecht24 &#8211; Portal zum Internetrecht<\/p>\n\n\n\n<p><em>Responsibility for Content<\/em><\/p>\n\n\n\n<p>As operator of these pages we are responsible for our own content under \u00a7 6 I MDStV and \u00a7 8 I TDG according to general laws. The contents of these pages are compiled with the greatest care. We do not, however, accept any responsibility for the accuracy, completeness or topicality of the contents.<br>Responsibility for Links<\/p>\n\n\n\n<p>Our offer includes links to external web sites. We have no influence on these content. Therefore we can not accept any responsibility for the content of these websites. In each case the operators of the linked pages are responsible for their contents. The linked pages were checked for possible legal irregularities at the time of the establishment of the link. A permanent check of the linked pages is not possible without specific indications. If we are told about illegal content, these links will be removed immediately.<\/p>\n\n\n\n<p><em>Copyright<\/em><\/p>\n\n\n\n<p>The published information on these pages are subject to the German Law of Copyright. The reproduction, editing, distribution and any kind of exploitation outside the limits of the copyright law requires the written agreement of the originator. Contents contributed by third parties are marked as such. Downloads and copies of these pages are permitted for private use only. The commercial use of our content without the agreement of the originator is illegal.<\/p>\n\n\n\n<p>Source: disclaimer by eRecht24 \u2013 Internet Law<\/p>\n","protected":false},"excerpt":{"rendered":"<p>Die Burns Night ist eine Veranstaltungskooperation zwischen Campus Mainz e.V., dem JGU Scotland Hub und dem Studierendenwerk Mainz. Impressum:Campus Mainz e.V.Forum universitatis 355128 Mainz Telefon: +49 6131 3272130 Email: burnsnight@campus-mainz.net Vertreten durch:Julian Shirazi, Vorsitzender Verantwortliche im Sinne des \u00a7 10 MDStV: Julian Shirazi Ansprechpartner f\u00fcr technische Fragen:Webmaster: Max Lindemannwebmaster@burnsnight.de Disclaimer Haftung f\u00fcr InhalteDie Inhalte unserer &hellip; <a href=\"https:\/\/burnsnight.de\/index.php\/kontakt\/\" class=\"more-link\"><span class=\"screen-reader-text\">Kontakt<\/span> weiterlesen<\/a><\/p>\n","protected":false},"author":3,"featured_media":0,"parent":0,"menu_order":3,"comment_status":"closed","ping_status":"closed","template":"","meta":{"footnotes":""},"class_list":["post-15","page","type-page","status-publish","hentry"],"_links":{"self":[{"href":"https:\/\/burnsnight.de\/index.php\/wp-json\/wp\/v2\/pages\/15","targetHints":{"allow":["GET"]}}],"collection":[{"href":"https:\/\/burnsnight.de\/index.php\/wp-json\/wp\/v2\/pages"}],"about":[{"href":"https:\/\/burnsnight.de\/index.php\/wp-json\/wp\/v2\/types\/page"}],"author":[{"embeddable":true,"href":"https:\/\/burnsnight.de\/index.php\/wp-json\/wp\/v2\/users\/3"}],"replies":[{"embeddable":true,"href":"https:\/\/burnsnight.de\/index.php\/wp-json\/wp\/v2\/comments?post=15"}],"version-history":[{"count":8,"href":"https:\/\/burnsnight.de\/index.php\/wp-json\/wp\/v2\/pages\/15\/revisions"}],"predecessor-version":[{"id":1935,"href":"https:\/\/burnsnight.de\/index.php\/wp-json\/wp\/v2\/pages\/15\/revisions\/1935"}],"wp:attachment":[{"href":"https:\/\/burnsnight.de\/index.php\/wp-json\/wp\/v2\/media?parent=15"}],"curies":[{"name":"wp","href":"https:\/\/api.w.org\/{rel}","templated":true}]}}