{"id":1780,"date":"2025-12-20T12:46:43","date_gmt":"2025-12-20T11:46:43","guid":{"rendered":"https:\/\/burnsnight.de\/?page_id=1780"},"modified":"2025-12-20T12:46:43","modified_gmt":"2025-12-20T11:46:43","slug":"friday-warm-up","status":"publish","type":"page","link":"https:\/\/burnsnight.de\/index.php\/friday-warm-up\/","title":{"rendered":"Friday Warm-Up"},"content":{"rendered":"\n<blockquote class=\"wp-block-quote is-layout-flow wp-block-quote-is-layout-flow\">\n<p>drink, dance &amp; peel<\/p>\n<\/blockquote>\n\n\n\n<figure class=\"wp-block-gallery has-nested-images columns-default is-cropped wp-block-gallery-1 is-layout-flex wp-block-gallery-is-layout-flex\">\n<figure class=\"wp-block-image size-large\"><img loading=\"lazy\" decoding=\"async\" width=\"1000\" height=\"667\" data-id=\"1771\" src=\"https:\/\/burnsnight.de\/wp-content\/uploads\/2023\/12\/warm-up-11.jpg\" alt=\"\" class=\"wp-image-1771\" srcset=\"https:\/\/burnsnight.de\/wp-content\/uploads\/2023\/12\/warm-up-11.jpg 1000w, https:\/\/burnsnight.de\/wp-content\/uploads\/2023\/12\/warm-up-11-300x200.jpg 300w, https:\/\/burnsnight.de\/wp-content\/uploads\/2023\/12\/warm-up-11-768x512.jpg 768w\" sizes=\"auto, (max-width: 1000px) 100vw, 1000px\" \/><figcaption class=\"wp-element-caption\">peel<\/figcaption><\/figure>\n\n\n\n<figure class=\"wp-block-image size-large\"><img loading=\"lazy\" decoding=\"async\" width=\"1024\" height=\"682\" data-id=\"1690\" src=\"https:\/\/burnsnight.de\/wp-content\/uploads\/2022\/12\/2015-256th-burns-night-49-1-1024x682.jpg\" alt=\"\" class=\"wp-image-1690\" srcset=\"https:\/\/burnsnight.de\/wp-content\/uploads\/2022\/12\/2015-256th-burns-night-49-1-1024x682.jpg 1024w, https:\/\/burnsnight.de\/wp-content\/uploads\/2022\/12\/2015-256th-burns-night-49-1-300x200.jpg 300w, https:\/\/burnsnight.de\/wp-content\/uploads\/2022\/12\/2015-256th-burns-night-49-1-768x512.jpg 768w, https:\/\/burnsnight.de\/wp-content\/uploads\/2022\/12\/2015-256th-burns-night-49-1-1536x1024.jpg 1536w, https:\/\/burnsnight.de\/wp-content\/uploads\/2022\/12\/2015-256th-burns-night-49-1.jpg 2000w\" sizes=\"auto, (max-width: 1024px) 100vw, 1024px\" \/><figcaption class=\"wp-element-caption\">dance<\/figcaption><\/figure>\n\n\n\n<figure class=\"wp-block-image size-large\"><img loading=\"lazy\" decoding=\"async\" width=\"1000\" height=\"841\" data-id=\"1681\" src=\"https:\/\/burnsnight.de\/wp-content\/uploads\/2022\/12\/2015-256th-burns-night-63-2.jpg\" alt=\"\" class=\"wp-image-1681\" srcset=\"https:\/\/burnsnight.de\/wp-content\/uploads\/2022\/12\/2015-256th-burns-night-63-2.jpg 1000w, https:\/\/burnsnight.de\/wp-content\/uploads\/2022\/12\/2015-256th-burns-night-63-2-300x252.jpg 300w, https:\/\/burnsnight.de\/wp-content\/uploads\/2022\/12\/2015-256th-burns-night-63-2-768x646.jpg 768w\" sizes=\"auto, (max-width: 1000px) 100vw, 1000px\" \/><figcaption class=\"wp-element-caption\">drink<\/figcaption><\/figure>\n<\/figure>\n\n\n\n<p><br>Zu schottischer Musik das Tanzbein schwingen, C\u00e8ilidh tanzen lernen und beim Kartoffeln sch\u00e4len (f\u00fcr die \u201eTatties\u201c der Burns Night) mit netten Leuten ins Gespr\u00e4ch kommen, das kann man beim Warm-up &#8211; am Vorabend der Burns Night &#8211; im Festsaal der Alten Mensa. Klingt vielleicht ein bisschen verr\u00fcckt, macht aber richtig Spa\u00df! Also kommt einfach vorbei, der Eintritt ist kostenlos.<\/p>\n\n\n\n<p><strong>Freitag, vor der Burns Night<\/strong><br><strong>Beginn 20:00 Uhr&nbsp;<\/strong><br><strong>Linke Aula, Alte Mensa<\/strong><br><strong>Johann-Joachim-Becher-Weg 5, 55128 Mainz<\/strong><\/p>\n\n\n\n<p>Der Eintritt ist kostenlos!<\/p>\n\n\n\n<p>F\u00fcr Tickets zur Hauptveranstaltung am 17. Januar 2026 geht es <a href=\"https:\/\/burnsnight.de\/index.php\/vorverkauf\/\" data-type=\"page\" data-id=\"65\">hier entlang<\/a>.<\/p>\n\n\n\n<p>Bei Fragen schickt uns eine E-Mail an <a href=\"mailto:burnsnight@campus-mainz.net\">burnsnight@campus-mainz.net<\/a>.<\/p>\n\n\n\n<p><\/p>\n","protected":false},"excerpt":{"rendered":"<p>drink, dance &amp; peel Zu schottischer Musik das Tanzbein schwingen, C\u00e8ilidh tanzen lernen und beim Kartoffeln sch\u00e4len (f\u00fcr die \u201eTatties\u201c der Burns Night) mit netten Leuten ins Gespr\u00e4ch kommen, das kann man beim Warm-up &#8211; am Vorabend der Burns Night &#8211; im Festsaal der Alten Mensa. Klingt vielleicht ein bisschen verr\u00fcckt, macht aber richtig Spa\u00df! &hellip; <a href=\"https:\/\/burnsnight.de\/index.php\/friday-warm-up\/\" class=\"more-link\"><span class=\"screen-reader-text\">Friday Warm-Up<\/span> weiterlesen<\/a><\/p>\n","protected":false},"author":1,"featured_media":0,"parent":0,"menu_order":0,"comment_status":"closed","ping_status":"closed","template":"","meta":{"footnotes":""},"class_list":["post-1780","page","type-page","status-publish","hentry"],"_links":{"self":[{"href":"https:\/\/burnsnight.de\/index.php\/wp-json\/wp\/v2\/pages\/1780","targetHints":{"allow":["GET"]}}],"collection":[{"href":"https:\/\/burnsnight.de\/index.php\/wp-json\/wp\/v2\/pages"}],"about":[{"href":"https:\/\/burnsnight.de\/index.php\/wp-json\/wp\/v2\/types\/page"}],"author":[{"embeddable":true,"href":"https:\/\/burnsnight.de\/index.php\/wp-json\/wp\/v2\/users\/1"}],"replies":[{"embeddable":true,"href":"https:\/\/burnsnight.de\/index.php\/wp-json\/wp\/v2\/comments?post=1780"}],"version-history":[{"count":5,"href":"https:\/\/burnsnight.de\/index.php\/wp-json\/wp\/v2\/pages\/1780\/revisions"}],"predecessor-version":[{"id":2022,"href":"https:\/\/burnsnight.de\/index.php\/wp-json\/wp\/v2\/pages\/1780\/revisions\/2022"}],"wp:attachment":[{"href":"https:\/\/burnsnight.de\/index.php\/wp-json\/wp\/v2\/media?parent=1780"}],"curies":[{"name":"wp","href":"https:\/\/api.w.org\/{rel}","templated":true}]}}