{"id":619,"date":"2015-01-06T16:19:12","date_gmt":"2015-01-06T16:19:12","guid":{"rendered":"http:\/\/burnsnight.de:\/?page_id=619"},"modified":"2024-11-23T15:16:04","modified_gmt":"2024-11-23T14:16:04","slug":"ablauf","status":"publish","type":"page","link":"https:\/\/burnsnight.de\/index.php\/ablauf\/","title":{"rendered":"Ablauf"},"content":{"rendered":"\n<div class=\"wp-block-media-text alignwide has-media-on-the-right is-stacked-on-mobile\"><div class=\"wp-block-media-text__content\">\n<p class=\"has-text-align-right\">Nachdem die G\u00e4ste durch den Dudelsack begr\u00fc\u00dft wurden (<em>Piping in the guests<\/em>), er\u00f6ffnen die Gastgeber die Veranstaltung mit einem Willkommensgru\u00df (<strong><em>Host&#8217;s Welcome<\/em><\/strong>). <br><em><sup>Foto: Stefan F. S\u00e4mmer, JGU<\/sup><\/em><\/p>\n<\/div><figure class=\"wp-block-media-text__media\"><img loading=\"lazy\" decoding=\"async\" width=\"498\" height=\"856\" src=\"https:\/\/burnsnight.de\/wp-content\/uploads\/2024\/01\/Jan-Dudelsack-Kopie.jpg\" alt=\"\" class=\"wp-image-1851 size-full\" srcset=\"https:\/\/burnsnight.de\/wp-content\/uploads\/2024\/01\/Jan-Dudelsack-Kopie.jpg 498w, https:\/\/burnsnight.de\/wp-content\/uploads\/2024\/01\/Jan-Dudelsack-Kopie-175x300.jpg 175w\" sizes=\"auto, (max-width: 498px) 100vw, 498px\" \/><\/figure><\/div>\n\n\n\n<div class=\"wp-block-media-text alignwide is-stacked-on-mobile\"><figure class=\"wp-block-media-text__media\"><img loading=\"lazy\" decoding=\"async\" width=\"1024\" height=\"683\" src=\"https:\/\/burnsnight.de\/wp-content\/uploads\/2022\/12\/2013-254rd-burns-night-4-1024x683.jpg\" alt=\"\" class=\"wp-image-1405 size-full\" srcset=\"https:\/\/burnsnight.de\/wp-content\/uploads\/2022\/12\/2013-254rd-burns-night-4-1024x683.jpg 1024w, https:\/\/burnsnight.de\/wp-content\/uploads\/2022\/12\/2013-254rd-burns-night-4-300x200.jpg 300w, https:\/\/burnsnight.de\/wp-content\/uploads\/2022\/12\/2013-254rd-burns-night-4-768x512.jpg 768w, https:\/\/burnsnight.de\/wp-content\/uploads\/2022\/12\/2013-254rd-burns-night-4-1536x1024.jpg 1536w, https:\/\/burnsnight.de\/wp-content\/uploads\/2022\/12\/2013-254rd-burns-night-4-2048x1365.jpg 2048w\" sizes=\"auto, (max-width: 1024px) 100vw, 1024px\" \/><\/figure><div class=\"wp-block-media-text__content\">\n<p>Das <strong><em><a href=\"https:\/\/burnsnight.de\/index.php\/ablauf\/selkirk-grace\/\" data-type=\"page\" data-id=\"1812\">Selkirk Grace<\/a><\/em><\/strong> wird gesprochen: Das Selkirk Tischgebet, das <a href=\"http:\/\/burnsnight.de\/wordpress\/?page_id=75\">Robert Burns<\/a> einst auf Wunsch des Earl of Selkirk an seinem Tische sprach. Obwohl das Tischgebet schon seit dem 17. Jahrhundert als \u201cGalloway Grace\u201d oder \u201cCovenanters\u2019 Grace\u201d bekannt war, wurde es seit diesem Abendessen Robert Burns und dem Earl of Selkirk zugesprochen und erhielt den neuen Namen &#8222;Selkirk Grace&#8220;.<br>Auf das Gebet wird mit <a href=\"https:\/\/burnsnight.de\/index.php\/der-whisky-single-malts-blends\/\" data-type=\"page\" data-id=\"1446\">Whisk(e)y<\/a>&nbsp;angesto\u00dfen.<\/p>\n<\/div><\/div>\n\n\n\n<p>Bei uns w\u00e4ren es Pauken und Trompeten, in Schottland aber ist es der Dudelsack, der den Haggis traditionell auf den Tisch begleitet <em>(Piping in the Haggis<\/em>).<\/p>\n\n\n\n<div class=\"wp-block-media-text alignwide has-media-on-the-right is-stacked-on-mobile\"><div class=\"wp-block-media-text__content\">\n<p>Robert Burns Gedicht <strong><em><a href=\"https:\/\/burnsnight.de\/index.php\/ablauf\/address-to-a-haggis\/\" data-type=\"page\" data-id=\"1814\">Address To a Haggis<\/a><\/em><\/strong> er\u00f6ffnet das typische Abendessen: <strong><em><a href=\"https:\/\/burnsnight.de\/index.php\/das-essen-haggis-neeps-and-tatties\/\" data-type=\"page\" data-id=\"1451\">Haggis, neeps and tatties<\/a><\/em><\/strong><\/p>\n<\/div><figure class=\"wp-block-media-text__media\"><img loading=\"lazy\" decoding=\"async\" width=\"800\" height=\"600\" src=\"https:\/\/burnsnight.de\/wp-content\/uploads\/2022\/12\/haggis_warm2.jpg\" alt=\"\" class=\"wp-image-1407 size-full\" srcset=\"https:\/\/burnsnight.de\/wp-content\/uploads\/2022\/12\/haggis_warm2.jpg 800w, https:\/\/burnsnight.de\/wp-content\/uploads\/2022\/12\/haggis_warm2-300x225.jpg 300w, https:\/\/burnsnight.de\/wp-content\/uploads\/2022\/12\/haggis_warm2-768x576.jpg 768w\" sizes=\"auto, (max-width: 800px) 100vw, 800px\" \/><\/figure><\/div>\n\n\n\n<p>Nach dem Essen wird Robert Burns mit einer Rede \u00fcber sein Leben und sein Werk &#8211; der <strong><em>Immortal Memory<\/em> &#8211;<\/strong> geehrt.<\/p>\n\n\n\n<p><\/p>\n\n\n\n<div class=\"wp-block-media-text alignwide is-stacked-on-mobile\"><figure class=\"wp-block-media-text__media\"><img loading=\"lazy\" decoding=\"async\" width=\"1024\" height=\"683\" src=\"https:\/\/burnsnight.de\/wp-content\/uploads\/2022\/12\/2013-254rd-burns-night-7-1-1024x683.jpg\" alt=\"\" class=\"wp-image-1409 size-full\" srcset=\"https:\/\/burnsnight.de\/wp-content\/uploads\/2022\/12\/2013-254rd-burns-night-7-1-1024x683.jpg 1024w, https:\/\/burnsnight.de\/wp-content\/uploads\/2022\/12\/2013-254rd-burns-night-7-1-300x200.jpg 300w, https:\/\/burnsnight.de\/wp-content\/uploads\/2022\/12\/2013-254rd-burns-night-7-1-768x512.jpg 768w, https:\/\/burnsnight.de\/wp-content\/uploads\/2022\/12\/2013-254rd-burns-night-7-1-1536x1024.jpg 1536w, https:\/\/burnsnight.de\/wp-content\/uploads\/2022\/12\/2013-254rd-burns-night-7-1-2048x1365.jpg 2048w\" sizes=\"auto, (max-width: 1024px) 100vw, 1024px\" \/><\/figure><div class=\"wp-block-media-text__content\">\n<p>Der <strong><em><a href=\"https:\/\/burnsnight.de\/index.php\/ablauf\/toast-to-the-lassies\/\" data-type=\"page\" data-id=\"1820\">Toast to the Lassies<\/a><\/em><\/strong>, eine Lobrede auf die Frauen, die Robert Burns so liebte, geh\u00f6rt ganz selbstverst\u00e4ndlich zur Burns Night.<\/p>\n<\/div><\/div>\n\n\n\n<p>Die Antwort der Frauen auf diese Lobrede, die <strong><em><a href=\"https:\/\/burnsnight.de\/index.php\/ablauf\/reply-to-the-toast-to-the-lassies\/\" data-type=\"page\" data-id=\"1822\">Reply to the Laddies<\/a><\/em><\/strong> bringt jedes Jahr wieder Stimmung in den Saal.<\/p>\n\n\n\n<div class=\"wp-block-media-text alignwide is-stacked-on-mobile\"><figure class=\"wp-block-media-text__media\"><img loading=\"lazy\" decoding=\"async\" width=\"1024\" height=\"956\" src=\"https:\/\/burnsnight.de\/wp-content\/uploads\/2022\/12\/burnsnight-4416-scaled-e1671534885553-1024x956.jpg\" alt=\"\" class=\"wp-image-1404 size-full\" srcset=\"https:\/\/burnsnight.de\/wp-content\/uploads\/2022\/12\/burnsnight-4416-scaled-e1671534885553-1024x956.jpg 1024w, https:\/\/burnsnight.de\/wp-content\/uploads\/2022\/12\/burnsnight-4416-scaled-e1671534885553-300x280.jpg 300w, https:\/\/burnsnight.de\/wp-content\/uploads\/2022\/12\/burnsnight-4416-scaled-e1671534885553-768x717.jpg 768w, https:\/\/burnsnight.de\/wp-content\/uploads\/2022\/12\/burnsnight-4416-scaled-e1671534885553-1536x1434.jpg 1536w, https:\/\/burnsnight.de\/wp-content\/uploads\/2022\/12\/burnsnight-4416-scaled-e1671534885553.jpg 1700w\" sizes=\"auto, (max-width: 1024px) 100vw, 1024px\" \/><\/figure><div class=\"wp-block-media-text__content\">\n<p>Beim <strong><a href=\"https:\/\/burnsnight.de\/index.php\/der-ceilidh-musik-tanz\/\" data-type=\"page\" data-id=\"1455\">C\u00e9ilidh dancing<\/a><\/strong>&nbsp;&#8211; den traditionellen schottischen T\u00e4nzen, die von Tanzkundigen angeleitet werden \u2013 geht es zu Live-Musik von  der John-Wolfe-Gang mit den Narhalla Dancers teils flott durch den Saal.<\/p>\n<\/div><\/div>\n\n\n\n<div class=\"wp-block-media-text alignwide has-media-on-the-right is-stacked-on-mobile\"><div class=\"wp-block-media-text__content\">\n<p>Das traditionelle <strong><em>Closing<\/em><\/strong> beendet mit <em><a href=\"https:\/\/burnsnight.de\/index.php\/ablauf\/auld-lang-syne\/\" data-type=\"page\" data-id=\"1833\"><strong>Auld Lang Syne<\/strong><\/a> <\/em>die Burns Night.<\/p>\n<\/div><figure class=\"wp-block-media-text__media\"><img loading=\"lazy\" decoding=\"async\" width=\"495\" height=\"600\" src=\"https:\/\/burnsnight.de\/wp-content\/uploads\/2024\/01\/ceilidh.jpg\" alt=\"\" class=\"wp-image-1853 size-full\" srcset=\"https:\/\/burnsnight.de\/wp-content\/uploads\/2024\/01\/ceilidh.jpg 495w, https:\/\/burnsnight.de\/wp-content\/uploads\/2024\/01\/ceilidh-248x300.jpg 248w\" sizes=\"auto, (max-width: 495px) 100vw, 495px\" \/><\/figure><\/div>\n\n\n\n<p>Wir folgen bei der Burns Night also dem ganz traditionellen Ablauf einer schottischen Burns Night (vgl. <a rel=\"noopener\" href=\"http:\/\/en.wikipedia.org\/wiki\/Burns_supper\" target=\"_blank\">Wikipedia Burns Supper<\/a> )<\/p>\n\n\n\n<p>Weitere Informationen und Texte und \u00dcbersetzungen der Gedichte gibt es auf unsere Unterseiten:<\/p>\n\n\n\n<ul class=\"wp-block-list\">\n<li><a href=\"https:\/\/burnsnight.de\/index.php\/ablauf\/selkirk-grace\/\">Selkirk Grace<\/a><\/li>\n\n\n\n<li><a href=\"https:\/\/burnsnight.de\/index.php\/ablauf\/address-to-a-haggis\/\">Address to a Haggis<\/a><\/li>\n\n\n\n<li><a href=\"https:\/\/burnsnight.de\/index.php\/ablauf\/loyal-toast\/\">Loyal Toast<\/a><\/li>\n\n\n\n<li><a href=\"https:\/\/burnsnight.de\/index.php\/ablauf\/immortal-memory-to-robert-burns\/\">Immortal memory to Robert Burns<\/a><\/li>\n\n\n\n<li><a href=\"https:\/\/burnsnight.de\/index.php\/ablauf\/toast-to-the-lassies\/\">Toast to the Lassies<\/a><\/li>\n\n\n\n<li><a href=\"https:\/\/burnsnight.de\/index.php\/ablauf\/reply-to-the-toast-to-the-lassies\/\">Reply to the Toast to the Lassies<\/a><\/li>\n\n\n\n<li><a href=\"https:\/\/burnsnight.de\/index.php\/ablauf\/auld-lang-syne\/\" data-type=\"page\" data-id=\"1833\">Auld Lang Syne<\/a><\/li>\n<\/ul>\n\n\n\n<p>Auf Youtube gibt es den Schnelldurchlauf der Burns Night zum angucken:<\/p>\n\n\n\n<figure class=\"wp-block-embed is-type-video is-provider-youtube wp-block-embed-youtube wp-embed-aspect-16-9 wp-has-aspect-ratio\"><div class=\"wp-block-embed__wrapper\">\n<iframe loading=\"lazy\" title=\"256th Burns Night - Der Zeitraffer\" width=\"660\" height=\"371\" src=\"https:\/\/www.youtube.com\/embed\/I5Tq_mmvJ38?feature=oembed\" frameborder=\"0\" allow=\"accelerometer; autoplay; clipboard-write; encrypted-media; gyroscope; picture-in-picture; web-share\" referrerpolicy=\"strict-origin-when-cross-origin\" allowfullscreen><\/iframe>\n<\/div><\/figure>\n","protected":false},"excerpt":{"rendered":"<p>Nachdem die G\u00e4ste durch den Dudelsack begr\u00fc\u00dft wurden (Piping in the guests), er\u00f6ffnen die Gastgeber die Veranstaltung mit einem Willkommensgru\u00df (Host&#8217;s Welcome). Foto: Stefan F. S\u00e4mmer, JGU Das Selkirk Grace wird gesprochen: Das Selkirk Tischgebet, das Robert Burns einst auf Wunsch des Earl of Selkirk an seinem Tische sprach. Obwohl das Tischgebet schon seit dem &hellip; <a href=\"https:\/\/burnsnight.de\/index.php\/ablauf\/\" class=\"more-link\"><span class=\"screen-reader-text\">Ablauf<\/span> weiterlesen<\/a><\/p>\n","protected":false},"author":3,"featured_media":0,"parent":0,"menu_order":0,"comment_status":"closed","ping_status":"closed","template":"","meta":{"footnotes":""},"class_list":["post-619","page","type-page","status-publish","hentry"],"_links":{"self":[{"href":"https:\/\/burnsnight.de\/index.php\/wp-json\/wp\/v2\/pages\/619","targetHints":{"allow":["GET"]}}],"collection":[{"href":"https:\/\/burnsnight.de\/index.php\/wp-json\/wp\/v2\/pages"}],"about":[{"href":"https:\/\/burnsnight.de\/index.php\/wp-json\/wp\/v2\/types\/page"}],"author":[{"embeddable":true,"href":"https:\/\/burnsnight.de\/index.php\/wp-json\/wp\/v2\/users\/3"}],"replies":[{"embeddable":true,"href":"https:\/\/burnsnight.de\/index.php\/wp-json\/wp\/v2\/comments?post=619"}],"version-history":[{"count":12,"href":"https:\/\/burnsnight.de\/index.php\/wp-json\/wp\/v2\/pages\/619\/revisions"}],"predecessor-version":[{"id":1924,"href":"https:\/\/burnsnight.de\/index.php\/wp-json\/wp\/v2\/pages\/619\/revisions\/1924"}],"wp:attachment":[{"href":"https:\/\/burnsnight.de\/index.php\/wp-json\/wp\/v2\/media?parent=619"}],"curies":[{"name":"wp","href":"https:\/\/api.w.org\/{rel}","templated":true}]}}