{"id":948,"date":"2011-11-04T11:56:09","date_gmt":"2011-11-04T11:56:09","guid":{"rendered":"http:\/\/burnsnight.de:\/wordpress\/?page_id=2"},"modified":"2023-12-14T19:09:39","modified_gmt":"2023-12-14T18:09:39","slug":"sample-page","status":"publish","type":"page","link":"https:\/\/burnsnight.de\/index.php\/sample-page\/","title":{"rendered":"Story &#8211; Warum Burns in Mainz?"},"content":{"rendered":"\n<p>Die Burns Night an der Uni Mainz hat Tradition. Als Ende 2001 ein paar Schottland-begeisterte Leute im Department of English and Linguistics auf die Idee kamen, eine Burns Night zu veranstalten, konnten sie nicht ahnen, was sie da lostreten w\u00fcrden.<\/p>\n\n\n\n<p>Damals waren mit Kirsten Kearney und Fiona Campbell gleich zwei Austausch-Lektorinnen von schottischen Unis in Mainz und die wollten unbedingt etwas von diesem Fest nach Deutschland bringen. Sie waren mit der Dudelsack-Spielerin Morna Greig befreundet und konnten sich echten Haggis aus Schottland schicken lassen. There you go &#8211; die Fachschaft Englisch und die Mitarbeiter des Instituts mu\u00dften nur auf den fahrenden Zug aufspringen.<\/p>\n\n\n\n<p>Damals, im Jahre 2002 fand die Burns Night noch ganz bescheiden in einem mittelgro\u00dfen H\u00f6rsaal statt, aber zu Tanzen mu\u00dfte schon auf die Flure des Philosophicums ausgewichen werden. Am Ende war klar, wir m\u00fcssen das wieder machen! Die Burns Night hatte ihre ersten Fans in Mainz und wurde mit jeder Veranstaltung gr\u00f6\u00dfer und gr\u00f6\u00dfer. Erst mu\u00dften wir in den Saal des Inter I umziehen, aber auch der war bald zu klein, um die stetig wachsenden Teilnehmerschar zu fassen.<\/p>\n\n\n\n<p>Eigentlich war die Burns Night ja nie beschaulich, aber zu einem richtigen Gro\u00dfevent wurde sie 2005, als eine studentische Hochschulgruppe die Sache in die Hand nahm, ein Live Band engagierte und die Burns Night ins Studihaus brachte, wo Platz f\u00fcr mehr als 100 Feiernde war. Aber auch das Studihaus wurde in den letzten Jahren zu klein f\u00fcr die wahrscheinlich gr\u00f6\u00dfte Burns Night Deutschlands und so findet sie ab 2011 endlich dort statt, wo wir sie eigentlich immer schon am liebesten veranstalten wollten: Ab sofort sind wir in der Alten Mensa, dem Festsaal der Universi\u00e4t Mainz.<\/p>\n\n\n\n<h2 class=\"wp-block-heading\">Impressionen, Bilder &amp; Plakate<\/h2>\n\n\n\n<p>Mehr Impressionen der vergangenen Jahre gibt es in unserer <a href=\"http:\/\/burnsnight.de\/wordpress:\/?page_id=968\">Galerie<\/a><\/p>\n","protected":false},"excerpt":{"rendered":"<p>Die Burns Night an der Uni Mainz hat Tradition. Als Ende 2001 ein paar Schottland-begeisterte Leute im Department of English and Linguistics auf die Idee kamen, eine Burns Night zu veranstalten, konnten sie nicht ahnen, was sie da lostreten w\u00fcrden. Damals waren mit Kirsten Kearney und Fiona Campbell gleich zwei Austausch-Lektorinnen von schottischen Unis in &hellip; <a href=\"https:\/\/burnsnight.de\/index.php\/sample-page\/\" class=\"more-link\"><span class=\"screen-reader-text\">Story &#8211; Warum Burns in Mainz?<\/span> weiterlesen<\/a><\/p>\n","protected":false},"author":3,"featured_media":0,"parent":0,"menu_order":0,"comment_status":"open","ping_status":"closed","template":"","meta":{"footnotes":""},"class_list":["post-948","page","type-page","status-publish","hentry"],"_links":{"self":[{"href":"https:\/\/burnsnight.de\/index.php\/wp-json\/wp\/v2\/pages\/948","targetHints":{"allow":["GET"]}}],"collection":[{"href":"https:\/\/burnsnight.de\/index.php\/wp-json\/wp\/v2\/pages"}],"about":[{"href":"https:\/\/burnsnight.de\/index.php\/wp-json\/wp\/v2\/types\/page"}],"author":[{"embeddable":true,"href":"https:\/\/burnsnight.de\/index.php\/wp-json\/wp\/v2\/users\/3"}],"replies":[{"embeddable":true,"href":"https:\/\/burnsnight.de\/index.php\/wp-json\/wp\/v2\/comments?post=948"}],"version-history":[{"count":4,"href":"https:\/\/burnsnight.de\/index.php\/wp-json\/wp\/v2\/pages\/948\/revisions"}],"predecessor-version":[{"id":1802,"href":"https:\/\/burnsnight.de\/index.php\/wp-json\/wp\/v2\/pages\/948\/revisions\/1802"}],"wp:attachment":[{"href":"https:\/\/burnsnight.de\/index.php\/wp-json\/wp\/v2\/media?parent=948"}],"curies":[{"name":"wp","href":"https:\/\/api.w.org\/{rel}","templated":true}]}}